{"id":205,"date":"2015-02-07T13:15:02","date_gmt":"2015-02-07T13:15:02","guid":{"rendered":"http:\/\/wpcharming.wpengine.com\/construction\/?page_id=205"},"modified":"2025-10-27T12:31:36","modified_gmt":"2025-10-27T10:31:36","slug":"amenajarea-teritoriului","status":"publish","type":"page","link":"https:\/\/vighouse.md\/ru\/servicii\/amenajarea-teritoriului\/","title":{"rendered":"\u041e\u0431\u0443\u0441\u0442\u0440\u043e\u0439\u0441\u0442\u0432\u043e \u0442\u0435\u0440\u0440\u0438\u0442\u043e\u0440\u0438\u0438"},"content":{"rendered":"<div id=\"wpc_69e9f62a53fa8\" class=\"vc_row wpb_row vc_row-fluid\">\n\t\t<div class=\"row_inner_wrapper  clearfix\">\n\t\t\t<div class=\"row_inner row_center_content clearfix\"><div class=\"wpb_column vc_column_container vc_col-sm-12\"><div class=\"vc_column-inner\"><div class=\"wpb_wrapper\">\n\t<div class=\"wpb_text_column wpb_content_element\" >\n\t\t<div class=\"wpb_wrapper\">\n\t\t\t<p>Amenajarea teritoriului se refer\u0103 la <strong>procesul de organizare, dezvoltare \u0219i planificare a utiliz\u0103rii spa\u021biului<\/strong> \u0219i a resurselor disponibile \u00eentr-un mod echilibrat, eficient \u0219i sustenabil.<\/p>\n<p>Obiectivul principal este de a crea o rela\u021bie armonioas\u0103 \u00eentre mediul construit, mediul natural \u0219i nevoile socio-economice ale comunit\u0103\u021bilor.<\/p>\n\n\t\t<\/div>\n\t<\/div>\n<\/div><\/div><\/div>\n\t\t\t<\/div>\n\t\t<\/div>\n<\/div>\n<div id=\"wpc_69e9f62a54985\" class=\"vc_row wpb_row vc_row-fluid\">\n\t\t<div class=\"row_inner_wrapper  clearfix\">\n\t\t\t<div class=\"row_inner row_center_content clearfix\"><div class=\"wpb_column vc_column_container vc_col-sm-6\"><div class=\"vc_column-inner\"><div class=\"wpb_wrapper\">\n\t<div class=\"custom-heading wpb_content_element\">\n\t\t<h2 class=\"heading-title\" >\u041e\u0431\u0443\u0441\u0442\u0440\u043e\u0439\u0441\u0442\u0432\u043e \u0442\u0435\u0440\u0440\u0438\u0442\u043e\u0440\u0438\u0438<\/h2>\n\t\t<span class=\"heading-line primary\"><\/span>\n\t<\/div>\n\t<div class=\"wpb_text_column wpb_content_element\" >\n\t\t<div class=\"wpb_wrapper\">\n\t\t\t<h4><strong>Principalele aspecte ale amenaj\u0103rii teritoriului:<\/strong><\/h4>\n<ul class=\"builder-list\">\n<li><i class=\"fa-solid fa-road\"><\/i><strong>Planificarea utiliz\u0103rii terenurilor<\/strong> \u2013 stabilirea zonelor pentru locuire, industrie, agricultur\u0103, infrastructur\u0103 sau spa\u021bii verzi.<\/li>\n<li><i class=\"fa-solid fa-road\"><\/i><strong>Dezvoltarea infrastructurii<\/strong> \u2013 drumuri, re\u021bele de utilit\u0103\u021bi, transport public \u0219i alte facilit\u0103\u021bi necesare vie\u021bii moderne.<\/li>\n<li><i class=\"fa-solid fa-road\"><\/i><strong>Protec\u021bia mediului<\/strong> \u2013 conservarea resurselor naturale, prevenirea polu\u0103rii \u0219i crearea unui cadru de via\u021b\u0103 s\u0103n\u0103tos.<\/li>\n<li><i class=\"fa-solid fa-road\"><\/i><strong>Echilibrul urban-rural<\/strong> \u2013 asigurarea unei dezvolt\u0103ri unitare, care s\u0103 sprijine at\u00e2t comunit\u0103\u021bile urbane, c\u00e2t \u0219i pe cele rurale.<\/li>\n<li><i class=\"fa-solid fa-road\"><\/i><strong>Sustenabilitate<\/strong> \u2013 utilizarea eficient\u0103 a resurselor pentru a r\u0103spunde nevoilor actuale f\u0103r\u0103 a compromite viitorul.<\/li>\n<\/ul>\n\n\t\t<\/div>\n\t<\/div>\n<div class=\"vc_separator wpb_content_element vc_separator_align_center vc_sep_width_100 vc_sep_border_width_2 vc_sep_pos_align_center vc_separator_no_text  wpb_animate_when_almost_visible wpb_slideInDown slideInDown wpb_animate_when_almost_visible wpb_slideInDown slideInDown\" ><span class=\"vc_sep_holder vc_sep_holder_l\"><span  style=\"border-color:#fab702;\" class=\"vc_sep_line\"><\/span><\/span><span class=\"vc_sep_holder vc_sep_holder_r\"><span  style=\"border-color:#fab702;\" class=\"vc_sep_line\"><\/span><\/span>\n<\/div>\n\t<div  class=\"wpb_single_image wpb_content_element vc_align_left\">\n\t\t\n\t\t<figure class=\"wpb_wrapper vc_figure\">\n\t\t\t<div class=\"vc_single_image-wrapper vc_box_rounded  vc_box_border_grey\"><img loading=\"lazy\" decoding=\"async\" width=\"2000\" height=\"1333\" src=\"https:\/\/vighouse.md\/wp-content\/uploads\/2024\/07\/2147781492.jpg\" class=\"vc_single_image-img attachment-full\" alt=\"\" srcset=\"https:\/\/vighouse.md\/wp-content\/uploads\/2024\/07\/2147781492.jpg 2000w, https:\/\/vighouse.md\/wp-content\/uploads\/2024\/07\/2147781492-300x200.jpg 300w, https:\/\/vighouse.md\/wp-content\/uploads\/2024\/07\/2147781492-1024x682.jpg 1024w, https:\/\/vighouse.md\/wp-content\/uploads\/2024\/07\/2147781492-768x512.jpg 768w, https:\/\/vighouse.md\/wp-content\/uploads\/2024\/07\/2147781492-1536x1024.jpg 1536w, https:\/\/vighouse.md\/wp-content\/uploads\/2024\/07\/2147781492-600x400.jpg 600w\" sizes=\"auto, (max-width: 2000px) 100vw, 2000px\" \/><\/div>\n\t\t<\/figure>\n\t<\/div>\n<div class=\"vc_separator wpb_content_element vc_separator_align_center vc_sep_width_100 vc_sep_border_width_2 vc_sep_pos_align_center vc_separator_no_text  wpb_animate_when_almost_visible wpb_slideInDown slideInDown wpb_animate_when_almost_visible wpb_slideInDown slideInDown\" ><span class=\"vc_sep_holder vc_sep_holder_l\"><span  style=\"border-color:#fab702;\" class=\"vc_sep_line\"><\/span><\/span><span class=\"vc_sep_holder vc_sep_holder_r\"><span  style=\"border-color:#fab702;\" class=\"vc_sep_line\"><\/span><\/span>\n<\/div><\/div><\/div><\/div><div class=\"wpb_column vc_column_container vc_col-sm-6\"><div class=\"vc_column-inner\"><div class=\"wpb_wrapper\"><div class=\"vc_separator wpb_content_element vc_separator_align_center vc_sep_width_100 vc_sep_border_width_2 vc_sep_pos_align_center vc_separator_no_text  wpb_animate_when_almost_visible wpb_slideInDown slideInDown wpb_animate_when_almost_visible wpb_slideInDown slideInDown\" ><span class=\"vc_sep_holder vc_sep_holder_l\"><span  style=\"border-color:#222222;\" class=\"vc_sep_line\"><\/span><\/span><span class=\"vc_sep_holder vc_sep_holder_r\"><span  style=\"border-color:#222222;\" class=\"vc_sep_line\"><\/span><\/span>\n<\/div>\n\t<div  class=\"wpb_single_image wpb_content_element vc_align_left\">\n\t\t\n\t\t<figure class=\"wpb_wrapper vc_figure\">\n\t\t\t<div class=\"vc_single_image-wrapper   vc_box_border_grey\"><img loading=\"lazy\" decoding=\"async\" width=\"800\" height=\"533\" src=\"https:\/\/vighouse.md\/wp-content\/uploads\/2024\/07\/2328-1024x682.jpg\" class=\"vc_single_image-img attachment-large\" alt=\"\" srcset=\"https:\/\/vighouse.md\/wp-content\/uploads\/2024\/07\/2328-1024x682.jpg 1024w, https:\/\/vighouse.md\/wp-content\/uploads\/2024\/07\/2328-300x200.jpg 300w, https:\/\/vighouse.md\/wp-content\/uploads\/2024\/07\/2328-768x512.jpg 768w, https:\/\/vighouse.md\/wp-content\/uploads\/2024\/07\/2328-1536x1024.jpg 1536w, https:\/\/vighouse.md\/wp-content\/uploads\/2024\/07\/2328-600x400.jpg 600w, https:\/\/vighouse.md\/wp-content\/uploads\/2024\/07\/2328.jpg 2000w\" sizes=\"auto, (max-width: 800px) 100vw, 800px\" \/><\/div>\n\t\t<\/figure>\n\t<\/div>\n<div class=\"vc_separator wpb_content_element vc_separator_align_center vc_sep_width_100 vc_sep_border_width_2 vc_sep_pos_align_center vc_separator_no_text  wpb_animate_when_almost_visible wpb_slideInDown slideInDown wpb_animate_when_almost_visible wpb_slideInDown slideInDown\" ><span class=\"vc_sep_holder vc_sep_holder_l\"><span  style=\"border-color:#222222;\" class=\"vc_sep_line\"><\/span><\/span><span class=\"vc_sep_holder vc_sep_holder_r\"><span  style=\"border-color:#222222;\" class=\"vc_sep_line\"><\/span><\/span>\n<\/div>\n\t<div class=\"custom-heading wpb_content_element\">\n\t\t<h2 class=\"heading-title\" >Vig-House<\/h2>\n\t\t<span class=\"heading-line primary\"><\/span>\n\t<\/div>\n\t<div class=\"wpb_text_column wpb_content_element\" >\n\t\t<div class=\"wpb_wrapper\">\n\t\t\t<p><strong>Importan\u021ba amenaj\u0103rii teritoriului:<\/strong><\/p>\n<ul class=\"builder-list\">\n<li><i class=\"fa-solid fa-road\"><\/i>contribuie la o <strong>dezvoltare economic\u0103 echilibrat\u0103<\/strong>;<\/li>\n<li><i class=\"fa-solid fa-road\"><\/i>asigur\u0103 <strong>calitatea vie\u021bii<\/strong> printr-un mediu organizat \u0219i func\u021bional;<\/li>\n<li><i class=\"fa-solid fa-road\"><\/i>protejeaz\u0103 patrimoniul natural \u0219i cultural;<\/li>\n<li><i class=\"fa-solid fa-road\"><\/i>previne conflictele privind utilizarea terenurilor;<\/li>\n<li><i class=\"fa-solid fa-road\"><\/i>creeaz\u0103 premisele pentru o dezvoltare durabil\u0103 pe termen lung.<\/li>\n<\/ul>\n\n\t\t<\/div>\n\t<\/div>\n<\/div><\/div><\/div>\n\t\t\t<\/div>\n\t\t<\/div>\n<\/div>","protected":false},"excerpt":{"rendered":"Amenajarea teritoriului se refer\u0103 la procesul de organizare, dezvoltare \u0219i planificare a utiliz\u0103rii spa\u021biului \u0219i a resurselor disponibile \u00eentr-un mod echilibrat, ...","protected":false},"author":1,"featured_media":949,"parent":17,"menu_order":0,"comment_status":"open","ping_status":"closed","template":"","meta":{"footnotes":""},"class_list":["post-205","page","type-page","status-publish","has-post-thumbnail","hentry"],"aioseo_notices":[],"_links":{"self":[{"href":"https:\/\/vighouse.md\/ru\/wp-json\/wp\/v2\/pages\/205","targetHints":{"allow":["GET"]}}],"collection":[{"href":"https:\/\/vighouse.md\/ru\/wp-json\/wp\/v2\/pages"}],"about":[{"href":"https:\/\/vighouse.md\/ru\/wp-json\/wp\/v2\/types\/page"}],"author":[{"embeddable":true,"href":"https:\/\/vighouse.md\/ru\/wp-json\/wp\/v2\/users\/1"}],"replies":[{"embeddable":true,"href":"https:\/\/vighouse.md\/ru\/wp-json\/wp\/v2\/comments?post=205"}],"version-history":[{"count":7,"href":"https:\/\/vighouse.md\/ru\/wp-json\/wp\/v2\/pages\/205\/revisions"}],"predecessor-version":[{"id":1255,"href":"https:\/\/vighouse.md\/ru\/wp-json\/wp\/v2\/pages\/205\/revisions\/1255"}],"up":[{"embeddable":true,"href":"https:\/\/vighouse.md\/ru\/wp-json\/wp\/v2\/pages\/17"}],"wp:featuredmedia":[{"embeddable":true,"href":"https:\/\/vighouse.md\/ru\/wp-json\/wp\/v2\/media\/949"}],"wp:attachment":[{"href":"https:\/\/vighouse.md\/ru\/wp-json\/wp\/v2\/media?parent=205"}],"curies":[{"name":"wp","href":"https:\/\/api.w.org\/{rel}","templated":true}]}}