{"id":203,"date":"2015-02-07T13:13:13","date_gmt":"2015-02-07T13:13:13","guid":{"rendered":"http:\/\/wpcharming.wpengine.com\/construction\/?page_id=203"},"modified":"2025-10-27T12:07:03","modified_gmt":"2025-10-27T10:07:03","slug":"reconstructia-drumurilor","status":"publish","type":"page","link":"https:\/\/vighouse.md\/ru\/servicii\/reconstructia-drumurilor\/","title":{"rendered":"\u0414\u041e\u0420\u041e\u0416\u041d\u041e\u0415 \u0421\u0422\u0420\u041e\u0418\u0422\u0415\u041b\u042c\u0421\u0422\u0412\u041e"},"content":{"rendered":"<div id=\"wpc_69e9f6291ef85\" class=\"vc_row wpb_row vc_row-fluid\">\n\t\t<div class=\"row_inner_wrapper  clearfix\">\n\t\t\t<div class=\"row_inner row_center_content clearfix\"><div class=\"wpb_column vc_column_container vc_col-sm-12\"><div class=\"vc_column-inner\"><div class=\"wpb_wrapper\">\n\t<div class=\"wpb_text_column wpb_content_element\" >\n\t\t<div class=\"wpb_wrapper\">\n\t\t\t<p>Oferim servicii complete pentru <strong>construc\u021bia \u0219i modernizarea drumurilor<\/strong> pe \u00eentreg teritoriului Republicii Moldova. Experien\u021ba noastr\u0103 \u0219i echipa de profesioni\u0219ti ne permit s\u0103 livr\u0103m proiecte durabile, eficiente \u0219i conforme standardelor \u00een vigoare.<\/p>\n\n\t\t<\/div>\n\t<\/div>\n<\/div><\/div><\/div>\n\t\t\t<\/div>\n\t\t<\/div>\n<\/div>\n<div id=\"wpc_69e9f6291facd\" class=\"vc_row wpb_row vc_row-fluid\">\n\t\t<div class=\"row_inner_wrapper  clearfix\">\n\t\t\t<div class=\"row_inner row_center_content clearfix\"><div class=\"wpb_column vc_column_container vc_col-sm-6\"><div class=\"vc_column-inner\"><div class=\"wpb_wrapper\">\n\t<div class=\"custom-heading wpb_content_element\">\n\t\t<h2 class=\"heading-title\" >\u0414\u041e\u0420\u041e\u0416\u041d\u041e\u0415 \u0421\u0422\u0420\u041e\u0418\u0422\u0415\u041b\u042c\u0421\u0422\u0412\u041e<\/h2>\n\t\t<span class=\"heading-line primary\"><\/span>\n\t<\/div>\n\t<div class=\"wpb_text_column wpb_content_element\" >\n\t\t<div class=\"wpb_wrapper\">\n\t\t\t<h4><strong>Tipuri de lucr\u0103ri executate:<\/strong><\/h4>\n<ul class=\"builder-list\">\n<li><i class=\"fa-solid fa-road\"><\/i> Construc\u021bia drumurilor din <strong>beton<\/strong>, <strong>asfalt<\/strong> \u0219i <strong>pavaj<\/strong>;<\/li>\n<li><i class=\"fa-solid fa-road\"><\/i> Lucr\u0103ri de <strong>proiectare<\/strong>, planificare \u0219i organizare a \u0219antierului;<\/li>\n<li><i class=\"fa-solid fa-road\"><\/i> Execu\u021bia complet\u0103 a obiectivelor rutiere, de la funda\u021bie p\u00e2n\u0103 la stratul de uzur\u0103;<\/li>\n<li><i class=\"fa-solid fa-road\"><\/i> <strong>Instalarea indicatoarelor rutiere<\/strong>, a semnaliz\u0103rii verticale \u0219i orizontale;<\/li>\n<li><i class=\"fa-solid fa-road\"><\/i> <strong>Marcaje rutiere<\/strong> moderne, cu vopsele \u0219i materiale reflectorizante;<\/li>\n<li><i class=\"fa-solid fa-road\"><\/i> Amenaj\u0103ri auxiliare: trotuare, accese laterale, rigole \u0219i sisteme de scurgere.<\/li>\n<\/ul>\n\n\t\t<\/div>\n\t<\/div>\n<div class=\"vc_separator wpb_content_element vc_separator_align_center vc_sep_width_100 vc_sep_border_width_2 vc_sep_pos_align_center vc_separator_no_text  wpb_animate_when_almost_visible wpb_slideInDown slideInDown wpb_animate_when_almost_visible wpb_slideInDown slideInDown\" ><span class=\"vc_sep_holder vc_sep_holder_l\"><span  style=\"border-color:#fab702;\" class=\"vc_sep_line\"><\/span><\/span><span class=\"vc_sep_holder vc_sep_holder_r\"><span  style=\"border-color:#fab702;\" class=\"vc_sep_line\"><\/span><\/span>\n<\/div>\n\t<div  class=\"wpb_single_image wpb_content_element vc_align_left\">\n\t\t\n\t\t<figure class=\"wpb_wrapper vc_figure\">\n\t\t\t<div class=\"vc_single_image-wrapper vc_box_rounded  vc_box_border_grey\"><img loading=\"lazy\" decoding=\"async\" width=\"627\" height=\"471\" src=\"https:\/\/vighouse.md\/wp-content\/uploads\/2024\/07\/reconstructia_drumurilor-vintage.png\" class=\"vc_single_image-img attachment-full\" alt=\"\" srcset=\"https:\/\/vighouse.md\/wp-content\/uploads\/2024\/07\/reconstructia_drumurilor-vintage.png 627w, https:\/\/vighouse.md\/wp-content\/uploads\/2024\/07\/reconstructia_drumurilor-vintage-300x225.png 300w, https:\/\/vighouse.md\/wp-content\/uploads\/2024\/07\/reconstructia_drumurilor-vintage-600x451.png 600w\" sizes=\"auto, (max-width: 627px) 100vw, 627px\" \/><\/div>\n\t\t<\/figure>\n\t<\/div>\n<div class=\"vc_separator wpb_content_element vc_separator_align_center vc_sep_width_100 vc_sep_border_width_2 vc_sep_pos_align_center vc_separator_no_text  wpb_animate_when_almost_visible wpb_slideInDown slideInDown wpb_animate_when_almost_visible wpb_slideInDown slideInDown\" ><span class=\"vc_sep_holder vc_sep_holder_l\"><span  style=\"border-color:#fab702;\" class=\"vc_sep_line\"><\/span><\/span><span class=\"vc_sep_holder vc_sep_holder_r\"><span  style=\"border-color:#fab702;\" class=\"vc_sep_line\"><\/span><\/span>\n<\/div>\n\t<div class=\"wpb_text_column wpb_content_element\" >\n\t\t<div class=\"wpb_wrapper\">\n\t\t\t<p>Cu o abordare responsabil\u0103 \u0219i o echip\u0103 dedicat\u0103, asigur\u0103m clien\u021bilor no\u0219tri solu\u021bii eficiente \u0219i drumuri sigure, menite s\u0103 reziste \u00een timp.<\/p>\n\n\t\t<\/div>\n\t<\/div>\n<\/div><\/div><\/div><div class=\"wpb_column vc_column_container vc_col-sm-6\"><div class=\"vc_column-inner\"><div class=\"wpb_wrapper\"><div class=\"vc_separator wpb_content_element vc_separator_align_center vc_sep_width_100 vc_sep_border_width_2 vc_sep_pos_align_center vc_separator_no_text  wpb_animate_when_almost_visible wpb_slideInDown slideInDown wpb_animate_when_almost_visible wpb_slideInDown slideInDown\" ><span class=\"vc_sep_holder vc_sep_holder_l\"><span  style=\"border-color:#222222;\" class=\"vc_sep_line\"><\/span><\/span><span class=\"vc_sep_holder vc_sep_holder_r\"><span  style=\"border-color:#222222;\" class=\"vc_sep_line\"><\/span><\/span>\n<\/div>\n\t<div  class=\"wpb_single_image wpb_content_element vc_align_left\">\n\t\t\n\t\t<figure class=\"wpb_wrapper vc_figure\">\n\t\t\t<div class=\"vc_single_image-wrapper   vc_box_border_grey\"><img loading=\"lazy\" decoding=\"async\" width=\"800\" height=\"448\" src=\"https:\/\/vighouse.md\/wp-content\/uploads\/2024\/07\/proectarea-drumurilor-1024x574.jpg\" class=\"vc_single_image-img attachment-large\" alt=\"\" srcset=\"https:\/\/vighouse.md\/wp-content\/uploads\/2024\/07\/proectarea-drumurilor-1024x574.jpg 1024w, https:\/\/vighouse.md\/wp-content\/uploads\/2024\/07\/proectarea-drumurilor-300x168.jpg 300w, https:\/\/vighouse.md\/wp-content\/uploads\/2024\/07\/proectarea-drumurilor-768x431.jpg 768w, https:\/\/vighouse.md\/wp-content\/uploads\/2024\/07\/proectarea-drumurilor-600x337.jpg 600w, https:\/\/vighouse.md\/wp-content\/uploads\/2024\/07\/proectarea-drumurilor.jpg 1200w\" sizes=\"auto, (max-width: 800px) 100vw, 800px\" \/><\/div>\n\t\t<\/figure>\n\t<\/div>\n<div class=\"vc_separator wpb_content_element vc_separator_align_center vc_sep_width_100 vc_sep_border_width_2 vc_sep_pos_align_center vc_separator_no_text  wpb_animate_when_almost_visible wpb_slideInDown slideInDown wpb_animate_when_almost_visible wpb_slideInDown slideInDown\" ><span class=\"vc_sep_holder vc_sep_holder_l\"><span  style=\"border-color:#fab702;\" class=\"vc_sep_line\"><\/span><\/span><span class=\"vc_sep_holder vc_sep_holder_r\"><span  style=\"border-color:#fab702;\" class=\"vc_sep_line\"><\/span><\/span>\n<\/div>\n\t<div class=\"custom-heading wpb_content_element\">\n\t\t<h2 class=\"heading-title\" >Vig-House<\/h2>\n\t\t<span class=\"heading-line primary\"><\/span>\n\t<\/div>\n\t<div class=\"wpb_text_column wpb_content_element\" >\n\t\t<div class=\"wpb_wrapper\">\n\t\t\t<h4><strong>Avantajele noastre:<\/strong><\/h4>\n<ul class=\"builder-list\">\n<li><i class=\"fa-solid fa-road\"><\/i> Servicii \u201ela cheie\u201d, de la <strong>proiectare p\u00e2n\u0103 la livrarea obiectului finit<\/strong>;<\/li>\n<li><i class=\"fa-solid fa-road\"><\/i> Coordonare cu toate <strong>autorit\u0103\u021bile publice competente<\/strong>, pentru respectarea reglement\u0103rilor \u0219i avizelor necesare;<\/li>\n<li><i class=\"fa-solid fa-road\"><\/i> Utilizarea tehnologiilor \u0219i materialelor de ultim\u0103 genera\u021bie;<\/li>\n<li><i class=\"fa-solid fa-road\"><\/i> Respectarea termenelor de execu\u021bie \u0219i a standardelor de calitate;<\/li>\n<li><i class=\"fa-solid fa-road\"><\/i> Garan\u021bie \u0219i suport post-execu\u021bie.<\/li>\n<\/ul>\n\n\t\t<\/div>\n\t<\/div>\n<\/div><\/div><\/div>\n\t\t\t<\/div>\n\t\t<\/div>\n<\/div>","protected":false},"excerpt":{"rendered":"Oferim servicii complete pentru construc\u021bia \u0219i modernizarea drumurilor pe \u00eentreg teritoriului Republicii Moldova. Experien\u021ba noastr\u0103 \u0219i echipa de profesioni\u0219ti ne permit ...","protected":false},"author":1,"featured_media":921,"parent":17,"menu_order":0,"comment_status":"closed","ping_status":"closed","template":"","meta":{"footnotes":""},"class_list":["post-203","page","type-page","status-publish","has-post-thumbnail","hentry"],"aioseo_notices":[],"_links":{"self":[{"href":"https:\/\/vighouse.md\/ru\/wp-json\/wp\/v2\/pages\/203","targetHints":{"allow":["GET"]}}],"collection":[{"href":"https:\/\/vighouse.md\/ru\/wp-json\/wp\/v2\/pages"}],"about":[{"href":"https:\/\/vighouse.md\/ru\/wp-json\/wp\/v2\/types\/page"}],"author":[{"embeddable":true,"href":"https:\/\/vighouse.md\/ru\/wp-json\/wp\/v2\/users\/1"}],"replies":[{"embeddable":true,"href":"https:\/\/vighouse.md\/ru\/wp-json\/wp\/v2\/comments?post=203"}],"version-history":[{"count":24,"href":"https:\/\/vighouse.md\/ru\/wp-json\/wp\/v2\/pages\/203\/revisions"}],"predecessor-version":[{"id":1251,"href":"https:\/\/vighouse.md\/ru\/wp-json\/wp\/v2\/pages\/203\/revisions\/1251"}],"up":[{"embeddable":true,"href":"https:\/\/vighouse.md\/ru\/wp-json\/wp\/v2\/pages\/17"}],"wp:featuredmedia":[{"embeddable":true,"href":"https:\/\/vighouse.md\/ru\/wp-json\/wp\/v2\/media\/921"}],"wp:attachment":[{"href":"https:\/\/vighouse.md\/ru\/wp-json\/wp\/v2\/media?parent=203"}],"curies":[{"name":"wp","href":"https:\/\/api.w.org\/{rel}","templated":true}]}}