{"id":17,"date":"2015-02-05T10:21:11","date_gmt":"2015-02-05T10:21:11","guid":{"rendered":"http:\/\/wpcharming.wpengine.com\/construction\/?page_id=17"},"modified":"2024-07-23T14:13:42","modified_gmt":"2024-07-23T11:13:42","slug":"servicii","status":"publish","type":"page","link":"https:\/\/vighouse.md\/ru\/servicii\/","title":{"rendered":"\u0423\u0441\u043b\u0443\u0433\u0438"},"content":{"rendered":"<div id=\"wpc_69e9f614ce96f\" class=\"vc_row wpb_row vc_row-fluid\">\n\t\t<div class=\"row_inner_wrapper  clearfix\" style=\"padding-top: 10px;padding-bottom: 0px;\">\n\t\t\t<div class=\"row_inner row_center_content clearfix\"><div class=\"wpb_column vc_column_container vc_col-sm-12\"><div class=\"vc_column-inner\"><div class=\"wpb_wrapper\">\n\t<div class=\"child-page-wrapper\">\n\t\t<div class=\"grid-wrapper grid-3-columns grid-row\">\n\t\t\t<div class=\"grid-item grid-sm-6 grid-md-4\">\n\t\t\t\t<div class=\"grid-thumbnail\">\n\t\t\t\t\t<a href=\"https:\/\/vighouse.md\/ru\/servicii\/eficienta-energetica\/\" title=\"\u042d\u043d\u0435\u0440\u0433\u043e\u044d\u0444\u0444\u0435\u043a\u0442\u0438\u0432\u043d\u043e\u0441\u0442\u044c\"><img loading=\"lazy\" decoding=\"async\" width=\"600\" height=\"300\" src=\"https:\/\/vighouse.md\/wp-content\/uploads\/2024\/07\/2148574987-600x300.jpg\" class=\"attachment-medium-thumb size-medium-thumb wp-post-image\" alt=\"\" srcset=\"https:\/\/vighouse.md\/wp-content\/uploads\/2024\/07\/2148574987-600x300.jpg 600w, https:\/\/vighouse.md\/wp-content\/uploads\/2024\/07\/2148574987-400x200.jpg 400w, https:\/\/vighouse.md\/wp-content\/uploads\/2024\/07\/2148574987-800x400.jpg 800w\" sizes=\"auto, (max-width: 600px) 100vw, 600px\" \/><\/a>\n\t\t\t\t<\/div>\n\t\t\t\t<h3 class=\"grid-title\"><a href=\"https:\/\/vighouse.md\/ru\/servicii\/eficienta-energetica\/\" rel=\"bookmark\">\u042d\u043d\u0435\u0440\u0433\u043e\u044d\u0444\u0444\u0435\u043a\u0442\u0438\u0432\u043d\u043e\u0441\u0442\u044c<\/a><\/h3>\n\n\t\t\t\t<p><\/p>\n\n\t\t\t\t<a class=\"grid-more\" href=\"https:\/\/vighouse.md\/ru\/servicii\/eficienta-energetica\/\" title=\"\u042d\u043d\u0435\u0440\u0433\u043e\u044d\u0444\u0444\u0435\u043a\u0442\u0438\u0432\u043d\u043e\u0441\u0442\u044c\">\u041f\u043e\u0434\u0440\u043e\u0431\u043d\u0435\u0435<\/a>\n\n\t\t\t<\/div>\n\t\t\t\n\t\t\t<div class=\"grid-item grid-sm-6 grid-md-4\">\n\t\t\t\t<div class=\"grid-thumbnail\">\n\t\t\t\t\t<a href=\"https:\/\/vighouse.md\/ru\/servicii\/retele-ingineresti\/\" title=\"\u0418\u043d\u0436\u0435\u043d\u0435\u0440\u043d\u044b\u0435 \u0441\u0435\u0442\u0438\"><img loading=\"lazy\" decoding=\"async\" width=\"600\" height=\"300\" src=\"https:\/\/vighouse.md\/wp-content\/uploads\/2024\/07\/16318-600x300.jpg\" class=\"attachment-medium-thumb size-medium-thumb wp-post-image\" alt=\"\" srcset=\"https:\/\/vighouse.md\/wp-content\/uploads\/2024\/07\/16318-600x300.jpg 600w, https:\/\/vighouse.md\/wp-content\/uploads\/2024\/07\/16318-400x200.jpg 400w, https:\/\/vighouse.md\/wp-content\/uploads\/2024\/07\/16318-800x400.jpg 800w\" sizes=\"auto, (max-width: 600px) 100vw, 600px\" \/><\/a>\n\t\t\t\t<\/div>\n\t\t\t\t<h3 class=\"grid-title\"><a href=\"https:\/\/vighouse.md\/ru\/servicii\/retele-ingineresti\/\" rel=\"bookmark\">\u0418\u043d\u0436\u0435\u043d\u0435\u0440\u043d\u044b\u0435 \u0441\u0435\u0442\u0438<\/a><\/h3>\n\n\t\t\t\t<p><\/p>\n\n\t\t\t\t<a class=\"grid-more\" href=\"https:\/\/vighouse.md\/ru\/servicii\/retele-ingineresti\/\" title=\"\u0418\u043d\u0436\u0435\u043d\u0435\u0440\u043d\u044b\u0435 \u0441\u0435\u0442\u0438\">\u041f\u043e\u0434\u0440\u043e\u0431\u043d\u0435\u0435<\/a>\n\n\t\t\t<\/div>\n\t\t\t\n\t\t\t<div class=\"grid-item grid-sm-6 grid-md-4\">\n\t\t\t\t<div class=\"grid-thumbnail\">\n\t\t\t\t\t<a href=\"https:\/\/vighouse.md\/ru\/servicii\/reconstructia-drumurilor\/\" title=\"\u0414\u041e\u0420\u041e\u0416\u041d\u041e\u0415 \u0421\u0422\u0420\u041e\u0418\u0422\u0415\u041b\u042c\u0421\u0422\u0412\u041e\"><img loading=\"lazy\" decoding=\"async\" width=\"600\" height=\"300\" src=\"https:\/\/vighouse.md\/wp-content\/uploads\/2024\/07\/reconstructia_drumurilor-600x300.png\" class=\"attachment-medium-thumb size-medium-thumb wp-post-image\" alt=\"reconstructia_drumurilor_vig-house\" srcset=\"https:\/\/vighouse.md\/wp-content\/uploads\/2024\/07\/reconstructia_drumurilor-600x300.png 600w, https:\/\/vighouse.md\/wp-content\/uploads\/2024\/07\/reconstructia_drumurilor-400x200.png 400w\" sizes=\"auto, (max-width: 600px) 100vw, 600px\" \/><\/a>\n\t\t\t\t<\/div>\n\t\t\t\t<h3 class=\"grid-title\"><a href=\"https:\/\/vighouse.md\/ru\/servicii\/reconstructia-drumurilor\/\" rel=\"bookmark\">\u0414\u041e\u0420\u041e\u0416\u041d\u041e\u0415 \u0421\u0422\u0420\u041e\u0418\u0422\u0415\u041b\u042c\u0421\u0422\u0412\u041e<\/a><\/h3>\n\n\t\t\t\t<p><\/p>\n\n\t\t\t\t<a class=\"grid-more\" href=\"https:\/\/vighouse.md\/ru\/servicii\/reconstructia-drumurilor\/\" title=\"\u0414\u041e\u0420\u041e\u0416\u041d\u041e\u0415 \u0421\u0422\u0420\u041e\u0418\u0422\u0415\u041b\u042c\u0421\u0422\u0412\u041e\">\u041f\u043e\u0434\u0440\u043e\u0431\u043d\u0435\u0435<\/a>\n\n\t\t\t<\/div>\n\t\t\t\n\t\t\t\t<div class=\"clear\"><\/div>\n\t\t\t<div class=\"grid-item grid-sm-6 grid-md-4\">\n\t\t\t\t<div class=\"grid-thumbnail\">\n\t\t\t\t\t<a href=\"https:\/\/vighouse.md\/ru\/servicii\/amenajarea-teritoriului\/\" title=\"\u041e\u0431\u0443\u0441\u0442\u0440\u043e\u0439\u0441\u0442\u0432\u043e \u0442\u0435\u0440\u0440\u0438\u0442\u043e\u0440\u0438\u0438\"><img loading=\"lazy\" decoding=\"async\" width=\"600\" height=\"300\" src=\"https:\/\/vighouse.md\/wp-content\/uploads\/2024\/07\/2328-600x300.jpg\" class=\"attachment-medium-thumb size-medium-thumb wp-post-image\" alt=\"\" srcset=\"https:\/\/vighouse.md\/wp-content\/uploads\/2024\/07\/2328-600x300.jpg 600w, https:\/\/vighouse.md\/wp-content\/uploads\/2024\/07\/2328-400x200.jpg 400w, https:\/\/vighouse.md\/wp-content\/uploads\/2024\/07\/2328-800x400.jpg 800w\" sizes=\"auto, (max-width: 600px) 100vw, 600px\" \/><\/a>\n\t\t\t\t<\/div>\n\t\t\t\t<h3 class=\"grid-title\"><a href=\"https:\/\/vighouse.md\/ru\/servicii\/amenajarea-teritoriului\/\" rel=\"bookmark\">\u041e\u0431\u0443\u0441\u0442\u0440\u043e\u0439\u0441\u0442\u0432\u043e \u0442\u0435\u0440\u0440\u0438\u0442\u043e\u0440\u0438\u0438<\/a><\/h3>\n\n\t\t\t\t<p><\/p>\n\n\t\t\t\t<a class=\"grid-more\" href=\"https:\/\/vighouse.md\/ru\/servicii\/amenajarea-teritoriului\/\" title=\"\u041e\u0431\u0443\u0441\u0442\u0440\u043e\u0439\u0441\u0442\u0432\u043e \u0442\u0435\u0440\u0440\u0438\u0442\u043e\u0440\u0438\u0438\">\u041f\u043e\u0434\u0440\u043e\u0431\u043d\u0435\u0435<\/a>\n\n\t\t\t<\/div>\n\t\t\t\n\t\t\t<div class=\"grid-item grid-sm-6 grid-md-4\">\n\t\t\t\t<div class=\"grid-thumbnail\">\n\t\t\t\t\t<a href=\"https:\/\/vighouse.md\/ru\/servicii\/terenuri-sportive\/\" title=\"\u0421\u043f\u043e\u0440\u0442\u0438\u0432\u043d\u044b\u0435 \u043f\u043b\u043e\u0449\u0430\u0434\u043a\u0438\"><img loading=\"lazy\" decoding=\"async\" width=\"600\" height=\"300\" src=\"https:\/\/vighouse.md\/wp-content\/uploads\/2024\/07\/2148393900-600x300.jpg\" class=\"attachment-medium-thumb size-medium-thumb wp-post-image\" alt=\"\" srcset=\"https:\/\/vighouse.md\/wp-content\/uploads\/2024\/07\/2148393900-600x300.jpg 600w, https:\/\/vighouse.md\/wp-content\/uploads\/2024\/07\/2148393900-400x200.jpg 400w, https:\/\/vighouse.md\/wp-content\/uploads\/2024\/07\/2148393900-800x400.jpg 800w\" sizes=\"auto, (max-width: 600px) 100vw, 600px\" \/><\/a>\n\t\t\t\t<\/div>\n\t\t\t\t<h3 class=\"grid-title\"><a href=\"https:\/\/vighouse.md\/ru\/servicii\/terenuri-sportive\/\" rel=\"bookmark\">\u0421\u043f\u043e\u0440\u0442\u0438\u0432\u043d\u044b\u0435 \u043f\u043b\u043e\u0449\u0430\u0434\u043a\u0438<\/a><\/h3>\n\n\t\t\t\t<p><\/p>\n\n\t\t\t\t<a class=\"grid-more\" href=\"https:\/\/vighouse.md\/ru\/servicii\/terenuri-sportive\/\" title=\"\u0421\u043f\u043e\u0440\u0442\u0438\u0432\u043d\u044b\u0435 \u043f\u043b\u043e\u0449\u0430\u0434\u043a\u0438\">\u041f\u043e\u0434\u0440\u043e\u0431\u043d\u0435\u0435<\/a>\n\n\t\t\t<\/div>\n\t\t\t\n\t\t\t<div class=\"grid-item grid-sm-6 grid-md-4\">\n\t\t\t\t<div class=\"grid-thumbnail\">\n\t\t\t\t\t<a href=\"https:\/\/vighouse.md\/ru\/servicii\/arenda-utilaje\/\" title=\"\u0410\u0440\u0435\u043d\u0434\u0430 \u0434\u043e\u0440\u043e\u0436\u043d\u043e-\u0441\u0442\u0440\u043e\u0438\u0442\u0435\u043b\u044c\u043d\u043e\u0439 \u0442\u0435\u0445\u043d\u0438\u043a\u0438\"><img loading=\"lazy\" decoding=\"async\" width=\"600\" height=\"300\" src=\"https:\/\/vighouse.md\/wp-content\/uploads\/2024\/07\/workers-placing-new-coating-asphalt-road-600x300.jpg\" class=\"attachment-medium-thumb size-medium-thumb wp-post-image\" alt=\"\" srcset=\"https:\/\/vighouse.md\/wp-content\/uploads\/2024\/07\/workers-placing-new-coating-asphalt-road-600x300.jpg 600w, https:\/\/vighouse.md\/wp-content\/uploads\/2024\/07\/workers-placing-new-coating-asphalt-road-400x200.jpg 400w, https:\/\/vighouse.md\/wp-content\/uploads\/2024\/07\/workers-placing-new-coating-asphalt-road-800x400.jpg 800w\" sizes=\"auto, (max-width: 600px) 100vw, 600px\" \/><\/a>\n\t\t\t\t<\/div>\n\t\t\t\t<h3 class=\"grid-title\"><a href=\"https:\/\/vighouse.md\/ru\/servicii\/arenda-utilaje\/\" rel=\"bookmark\">\u0410\u0440\u0435\u043d\u0434\u0430 \u0434\u043e\u0440\u043e\u0436\u043d\u043e-\u0441\u0442\u0440\u043e\u0438\u0442\u0435\u043b\u044c\u043d\u043e\u0439 \u0442\u0435\u0445\u043d\u0438\u043a\u0438<\/a><\/h3>\n\n\t\t\t\t<p>\u0410\u0440\u0435\u043d\u0434\u0430 \u0441\u043f\u0435\u0446\u0422\u0435\u0445\u043d\u0438\u043a\u0438 <\/p>\n\n\t\t\t\t<a class=\"grid-more\" href=\"https:\/\/vighouse.md\/ru\/servicii\/arenda-utilaje\/\" title=\"\u0410\u0440\u0435\u043d\u0434\u0430 \u0434\u043e\u0440\u043e\u0436\u043d\u043e-\u0441\u0442\u0440\u043e\u0438\u0442\u0435\u043b\u044c\u043d\u043e\u0439 \u0442\u0435\u0445\u043d\u0438\u043a\u0438\">\u041f\u043e\u0434\u0440\u043e\u0431\u043d\u0435\u0435<\/a>\n\n\t\t\t<\/div>\n\t\t\t\n\t\t\t\t<div class=\"clear\"><\/div>\n\t\t<\/div>\n\t<\/div><\/div><\/div><\/div>\n\t\t\t<\/div>\n\t\t<\/div>\n<\/div>","protected":false},"excerpt":{"rendered":"Compania noastr\u0103 ofer\u0103 servicii de arend\u0103 utilaje de construc\u021bii, echipamente moderne \u0219i performante, indispensabile pentru lucr\u0103rile de terasamente \u0219i construc\u021bii de ...","protected":false},"author":1,"featured_media":0,"parent":0,"menu_order":0,"comment_status":"open","ping_status":"closed","template":"","meta":{"footnotes":""},"class_list":["post-17","page","type-page","status-publish","hentry"],"aioseo_notices":[],"_links":{"self":[{"href":"https:\/\/vighouse.md\/ru\/wp-json\/wp\/v2\/pages\/17","targetHints":{"allow":["GET"]}}],"collection":[{"href":"https:\/\/vighouse.md\/ru\/wp-json\/wp\/v2\/pages"}],"about":[{"href":"https:\/\/vighouse.md\/ru\/wp-json\/wp\/v2\/types\/page"}],"author":[{"embeddable":true,"href":"https:\/\/vighouse.md\/ru\/wp-json\/wp\/v2\/users\/1"}],"replies":[{"embeddable":true,"href":"https:\/\/vighouse.md\/ru\/wp-json\/wp\/v2\/comments?post=17"}],"version-history":[{"count":5,"href":"https:\/\/vighouse.md\/ru\/wp-json\/wp\/v2\/pages\/17\/revisions"}],"predecessor-version":[{"id":973,"href":"https:\/\/vighouse.md\/ru\/wp-json\/wp\/v2\/pages\/17\/revisions\/973"}],"wp:attachment":[{"href":"https:\/\/vighouse.md\/ru\/wp-json\/wp\/v2\/media?parent=17"}],"curies":[{"name":"wp","href":"https:\/\/api.w.org\/{rel}","templated":true}]}}