{"id":1484,"date":"2025-10-27T18:53:07","date_gmt":"2025-10-27T16:53:07","guid":{"rendered":"https:\/\/vighouse.md\/cariere\/mecanizatori-2\/"},"modified":"2025-10-30T12:27:47","modified_gmt":"2025-10-30T10:27:47","slug":"maistru","status":"publish","type":"page","link":"https:\/\/vighouse.md\/ru\/cariere\/maistru\/","title":{"rendered":"\u0411\u0440\u0438\u0433\u0430\u0434\u0438\u0440"},"content":{"rendered":"<div id=\"wpc_69ea0d10cb8cb\" class=\"vc_row wpb_row vc_row-fluid\">\n\t\t<div class=\"row_inner_wrapper  clearfix\">\n\t\t\t<div class=\"row_inner row_center_content clearfix\"><div class=\"wpb_column vc_column_container vc_col-sm-12\"><div class=\"vc_column-inner\"><div class=\"wpb_wrapper\">\n\t<div class=\"custom-heading wpb_content_element  text-center\">\n\t\t<h2 class=\"heading-title\"  style=\"color: #fab702;\">\u0411\u0440\u0438\u0433\u0430\u0434\u0438\u0440<\/h2>\n\t\t<span class=\"heading-line primary\"><\/span>\n\t<\/div>\n\t<div  class=\"wpb_single_image wpb_content_element vc_align_center\">\n\t\t\n\t\t<figure class=\"wpb_wrapper vc_figure\">\n\t\t\t<div class=\"vc_single_image-wrapper vc_box_outline  vc_box_border_grey\"><img loading=\"lazy\" decoding=\"async\" width=\"800\" height=\"534\" src=\"https:\/\/vighouse.md\/wp-content\/uploads\/2025\/10\/architect-engineer-man-shows-plan-building-tv-screen-1024x683.jpg\" class=\"vc_single_image-img attachment-large\" alt=\"\" srcset=\"https:\/\/vighouse.md\/wp-content\/uploads\/2025\/10\/architect-engineer-man-shows-plan-building-tv-screen-1024x683.jpg 1024w, https:\/\/vighouse.md\/wp-content\/uploads\/2025\/10\/architect-engineer-man-shows-plan-building-tv-screen-300x200.jpg 300w, https:\/\/vighouse.md\/wp-content\/uploads\/2025\/10\/architect-engineer-man-shows-plan-building-tv-screen-768x512.jpg 768w, https:\/\/vighouse.md\/wp-content\/uploads\/2025\/10\/architect-engineer-man-shows-plan-building-tv-screen-1536x1024.jpg 1536w, https:\/\/vighouse.md\/wp-content\/uploads\/2025\/10\/architect-engineer-man-shows-plan-building-tv-screen-2048x1365.jpg 2048w, https:\/\/vighouse.md\/wp-content\/uploads\/2025\/10\/architect-engineer-man-shows-plan-building-tv-screen-18x12.jpg 18w\" sizes=\"auto, (max-width: 800px) 100vw, 800px\" \/><\/div>\n\t\t<\/figure>\n\t<\/div>\n\n\t<div class=\"wpb_text_column wpb_content_element\" >\n\t\t<div class=\"wpb_wrapper\">\n\t\t\t<p><!-- Devizier --><\/p>\n<div class=\"vacancy-card\">\n<p>\u041f\u0440\u043e\u0440\u0430\u0431 \u043d\u0435\u043f\u043e\u0441\u0440\u0435\u0434\u0441\u0442\u0432\u0435\u043d\u043d\u043e \u043a\u043e\u043e\u0440\u0434\u0438\u043d\u0438\u0440\u0443\u0435\u0442 \u0440\u0430\u0431\u043e\u0442\u0443 \u0431\u0440\u0438\u0433\u0430\u0434 \u0440\u0430\u0431\u043e\u0447\u0438\u0445 \u043d\u0430 \u0441\u0442\u0440\u043e\u0438\u0442\u0435\u043b\u044c\u043d\u043e\u0439 \u043f\u043b\u043e\u0449\u0430\u0434\u043a\u0435 \u0438 \u043e\u0431\u0435\u0441\u043f\u0435\u0447\u0438\u0432\u0430\u0435\u0442 \u0432\u044b\u043f\u043e\u043b\u043d\u0435\u043d\u0438\u0435 \u0434\u043e\u0440\u043e\u0436\u043d\u044b\u0445 \u0440\u0430\u0431\u043e\u0442 \u0432 \u0441\u043e\u043e\u0442\u0432\u0435\u0442\u0441\u0442\u0432\u0438\u0438 \u0441 \u043f\u0440\u043e\u0435\u043a\u0442\u0430\u043c\u0438, \u043d\u043e\u0440\u043c\u0430\u0442\u0438\u0432\u0430\u043c\u0438 \u0438 \u0441\u0442\u0430\u043d\u0434\u0430\u0440\u0442\u0430\u043c\u0438 \u043a\u0430\u0447\u0435\u0441\u0442\u0432\u0430. \u041e\u043d \u044f\u0432\u043b\u044f\u0435\u0442\u0441\u044f \u0441\u0432\u044f\u0437\u0443\u044e\u0449\u0438\u043c \u0437\u0432\u0435\u043d\u043e\u043c \u043c\u0435\u0436\u0434\u0443 \u0438\u0441\u043f\u043e\u043b\u043d\u0438\u0442\u0435\u043b\u044f\u043c\u0438 \u0438 \u0438\u043d\u0436\u0435\u043d\u0435\u0440\u0430\u043c\u0438, \u043e\u0442\u0432\u0435\u0442\u0441\u0442\u0432\u0435\u043d\u043d\u044b\u043c\u0438 \u0437\u0430 \u043f\u0440\u043e\u0435\u043a\u0442.<\/p>\n<p><strong>\u041e\u0441\u043d\u043e\u0432\u043d\u044b\u0435 \u043e\u0431\u044f\u0437\u0430\u043d\u043d\u043e\u0441\u0442\u0438<\/strong><\/p>\n<ul>\n<li>\u041e\u0440\u0433\u0430\u043d\u0438\u0437\u0443\u0435\u0442, \u043a\u043e\u043e\u0440\u0434\u0438\u043d\u0438\u0440\u0443\u0435\u0442 \u0438 \u043a\u043e\u043d\u0442\u0440\u043e\u043b\u0438\u0440\u0443\u0435\u0442 \u0434\u0435\u044f\u0442\u0435\u043b\u044c\u043d\u043e\u0441\u0442\u044c \u0431\u0440\u0438\u0433\u0430\u0434\u044b \u043d\u0430 \u0441\u0442\u0440\u043e\u0438\u0442\u0435\u043b\u044c\u043d\u043e\u0439 \u043f\u043b\u043e\u0449\u0430\u0434\u043a\u0435;<\/li>\n<li>\u0420\u0430\u0441\u043f\u0440\u0435\u0434\u0435\u043b\u044f\u0435\u0442 \u0435\u0436\u0435\u0434\u043d\u0435\u0432\u043d\u044b\u0435 \u0437\u0430\u0434\u0430\u043d\u0438\u044f \u043c\u0435\u0436\u0434\u0443 \u0440\u0430\u0431\u043e\u0442\u043d\u0438\u043a\u0430\u043c\u0438 \u0438 \u043a\u043e\u043d\u0442\u0440\u043e\u043b\u0438\u0440\u0443\u0435\u0442 \u0438\u0445 \u0441\u0432\u043e\u0435\u0432\u0440\u0435\u043c\u0435\u043d\u043d\u043e\u0435 \u0432\u044b\u043f\u043e\u043b\u043d\u0435\u043d\u0438\u0435;<\/li>\n<li>\u041e\u0431\u0435\u0441\u043f\u0435\u0447\u0438\u0432\u0430\u0435\u0442 \u0441\u043e\u0431\u043b\u044e\u0434\u0435\u043d\u0438\u0435 \u0442\u0435\u0445\u043d\u0438\u0447\u0435\u0441\u043a\u043e\u0433\u043e \u043f\u0440\u043e\u0435\u043a\u0442\u0430, \u0441\u0442\u0430\u043d\u0434\u0430\u0440\u0442\u043e\u0432 \u043a\u0430\u0447\u0435\u0441\u0442\u0432\u0430 \u0438 \u043e\u0445\u0440\u0430\u043d\u044b \u0442\u0440\u0443\u0434\u0430;<\/li>\n<li>\u041e\u0442\u0441\u043b\u0435\u0436\u0438\u0432\u0430\u0435\u0442 \u043c\u0430\u0442\u0435\u0440\u0438\u0430\u043b\u044b, \u043e\u0431\u043e\u0440\u0443\u0434\u043e\u0432\u0430\u043d\u0438\u0435 \u0438 \u0438\u0445 \u0435\u0436\u0435\u0434\u043d\u0435\u0432\u043d\u043e\u0435 \u043f\u043e\u0442\u0440\u0435\u0431\u043b\u0435\u043d\u0438\u0435;<\/li>\n<li>\u0415\u0436\u0435\u0434\u043d\u0435\u0432\u043d\u043e \u043e\u0442\u0447\u0438\u0442\u044b\u0432\u0430\u0442\u044c\u0441\u044f \u043f\u0435\u0440\u0435\u0434 \u0440\u0443\u043a\u043e\u0432\u043e\u0434\u0438\u0442\u0435\u043b\u0435\u043c \u043e\u0431\u044a\u0435\u043a\u0442\u0430\/\u0438\u043d\u0436\u0435\u043d\u0435\u0440\u043e\u043c \u043e \u0445\u043e\u0434\u0435 \u0440\u0430\u0431\u043e\u0442;<\/li>\n<li>\u041e\u043a\u0430\u0437\u044b\u0432\u0430\u0435\u0442 \u0442\u0435\u0445\u043d\u0438\u0447\u0435\u0441\u043a\u0443\u044e \u043f\u043e\u0434\u0434\u0435\u0440\u0436\u043a\u0443 \u043a\u043e\u043c\u0430\u043d\u0434\u0435 \u0438 \u0440\u0435\u0448\u0430\u0435\u0442 \u043f\u0440\u043e\u0431\u043b\u0435\u043c\u044b, \u0432\u043e\u0437\u043d\u0438\u043a\u0430\u044e\u0449\u0438\u0435 \u043d\u0430 \u043c\u0435\u0441\u0442\u0430\u0445;<\/li>\n<li>\u0423\u0447\u0430\u0441\u0442\u0432\u0443\u0435\u0442 \u0432 \u043e\u0431\u0443\u0447\u0435\u043d\u0438\u0438 \u043d\u043e\u0432\u044b\u0445 \u0440\u0430\u0431\u043e\u0442\u043d\u0438\u043a\u043e\u0432 \u0438 \u043f\u043e\u0434\u0434\u0435\u0440\u0436\u0438\u0432\u0430\u0435\u0442 \u0434\u0438\u0441\u0446\u0438\u043f\u043b\u0438\u043d\u0443 \u0432 \u043a\u043e\u043b\u043b\u0435\u043a\u0442\u0438\u0432\u0435;<\/li>\n<li>\u0423\u0447\u0430\u0441\u0442\u0432\u0443\u0435\u0442 \u0432 \u043f\u0440\u0438\u0435\u043c\u043a\u0435 \u0440\u0430\u0431\u043e\u0442 \u043f\u043e \u044d\u0442\u0430\u043f\u0430\u043c \u0438 \u043f\u0440\u043e\u0432\u0435\u0440\u043a\u0435 \u043a\u0430\u0447\u0435\u0441\u0442\u0432\u0430.<\/li>\n<\/ul>\n<p><strong>\u0422\u0440\u0435\u0431\u043e\u0432\u0430\u043d\u0438\u044f \u043a \u0434\u043e\u043b\u0436\u043d\u043e\u0441\u0442\u0438<\/strong><\/p>\n<ul>\n<li>\u0421\u0440\u0435\u0434\u043d\u0435\u0435 \u0442\u0435\u0445\u043d\u0438\u0447\u0435\u0441\u043a\u043e\u0435 \u043e\u0431\u0440\u0430\u0437\u043e\u0432\u0430\u043d\u0438\u0435 \u0438\u043b\u0438 \u043f\u0440\u043e\u0444\u0435\u0441\u0441\u0438\u043e\u043d\u0430\u043b\u044c\u043d\u043e-\u0442\u0435\u0445\u043d\u0438\u0447\u0435\u0441\u043a\u043e\u0435 \u0443\u0447\u0438\u043b\u0438\u0449\u0435 \u0432 \u043e\u0431\u043b\u0430\u0441\u0442\u0438 \u0441\u0442\u0440\u043e\u0438\u0442\u0435\u043b\u044c\u0441\u0442\u0432\u0430;<\/li>\n<li>\u041a\u0432\u0430\u043b\u0438\u0444\u0438\u043a\u0430\u0446\u0438\u044f \u0441\u0442\u0440\u043e\u0438\u0442\u0435\u043b\u044c\u043d\u043e\u0433\u043e \u043c\u0430\u0441\u0442\u0435\u0440\u0430 (\u0438\u043b\u0438 \u044d\u043a\u0432\u0438\u0432\u0430\u043b\u0435\u043d\u0442\u043d\u044b\u0439 \u0441\u043e\u043e\u0442\u0432\u0435\u0442\u0441\u0442\u0432\u0443\u044e\u0449\u0438\u0439 \u043e\u043f\u044b\u0442);<\/li>\n<li>\u041e\u043f\u044b\u0442 \u043a\u043e\u043e\u0440\u0434\u0438\u043d\u0430\u0446\u0438\u0438 \u0431\u0440\u0438\u0433\u0430\u0434 \u043d\u0430 \u043e\u0431\u044a\u0435\u043a\u0442\u0430\u0445 \u0434\u043e\u0440\u043e\u0436\u043d\u043e\u0433\u043e \u0441\u0442\u0440\u043e\u0438\u0442\u0435\u043b\u044c\u0441\u0442\u0432\u0430 \u2013 \u043f\u0440\u0435\u0438\u043c\u0443\u0449\u0435\u0441\u0442\u0432\u043e;<\/li>\n<li>\u0417\u043d\u0430\u043d\u0438\u0435 \u0447\u0442\u0435\u043d\u0438\u044f \u043f\u043b\u0430\u043d\u043e\u0432 \u0438 \u0442\u0435\u0445\u043d\u0438\u0447\u0435\u0441\u043a\u043e\u0439 \u0434\u043e\u043a\u0443\u043c\u0435\u043d\u0442\u0430\u0446\u0438\u0438;<\/li>\n<li>\u041d\u0430\u0432\u044b\u043a\u0438 \u043e\u0440\u0433\u0430\u043d\u0438\u0437\u0430\u0446\u0438\u0438, \u043a\u043e\u043e\u0440\u0434\u0438\u043d\u0430\u0446\u0438\u0438 \u0438 \u043e\u0431\u0449\u0435\u043d\u0438\u044f;<\/li>\n<li>\u0423\u0441\u0442\u043e\u0439\u0447\u0438\u0432\u043e\u0441\u0442\u044c \u043a \u0440\u0430\u0431\u043e\u0442\u0435 \u0432 \u043f\u043e\u043b\u0435\u0432\u044b\u0445 \u0443\u0441\u043b\u043e\u0432\u0438\u044f\u0445 \u0438 \u0433\u043e\u0442\u043e\u0432\u043d\u043e\u0441\u0442\u044c \u043a \u043a\u043e\u043c\u0430\u043d\u0434\u0438\u0440\u043e\u0432\u043a\u0430\u043c.<\/li>\n<\/ul>\n<p><strong>\u041f\u0440\u0435\u0438\u043c\u0443\u0449\u0435\u0441\u0442\u0432\u0430, \u043f\u0440\u0435\u0434\u043b\u0430\u0433\u0430\u0435\u043c\u044b\u0435 VIG HOUSE<\/strong><\/p>\n<ul>\n<li>\u041c\u043e\u0442\u0438\u0432\u0438\u0440\u0443\u044e\u0449\u0438\u0439 \u043f\u0430\u043a\u0435\u0442 \u0437\u0430\u0440\u0430\u0431\u043e\u0442\u043d\u043e\u0439 \u043f\u043b\u0430\u0442\u044b, \u0432\u044b\u043f\u043b\u0430\u0447\u0438\u0432\u0430\u0435\u043c\u044b\u0439 \u0432\u043e\u0432\u0440\u0435\u043c\u044f;<\/li>\n<li>\u0411\u043e\u043d\u0443\u0441\u044b \u0438 \u043f\u0440\u0435\u043c\u0438\u0438 \u043f\u043e \u0440\u0435\u0437\u0443\u043b\u044c\u0442\u0430\u0442\u0430\u043c \u0440\u0430\u0431\u043e\u0442\u044b;<\/li>\n<li>\u0422\u0440\u0430\u043d\u0441\u043f\u043e\u0440\u0442 \u0438 \u0440\u0430\u0437\u043c\u0435\u0449\u0435\u043d\u0438\u0435 \u0434\u043b\u044f \u0441\u0442\u0440\u043e\u0438\u0442\u0435\u043b\u044c\u043d\u044b\u0445 \u043f\u043b\u043e\u0449\u0430\u0434\u043e\u043a \u0437\u0430 \u043f\u0440\u0435\u0434\u0435\u043b\u0430\u043c\u0438 \u043d\u0430\u0441\u0435\u043b\u0435\u043d\u043d\u043e\u0433\u043e \u043f\u0443\u043d\u043a\u0442\u0430;<\/li>\n<li>\u0421\u0442\u0430\u0431\u0438\u043b\u044c\u043d\u043e\u0441\u0442\u044c \u0438 \u0437\u0430\u0449\u0438\u0449\u0435\u043d\u043d\u043e\u0441\u0442\u044c \u0440\u0430\u0431\u043e\u0447\u0438\u0445 \u043c\u0435\u0441\u0442 \u0432 \u043a\u043e\u043c\u043f\u0430\u043d\u0438\u0438 \u0441 \u0442\u0440\u0430\u0434\u0438\u0446\u0438\u044f\u043c\u0438;<\/li>\n<li>\u0421\u043e\u0432\u0440\u0435\u043c\u0435\u043d\u043d\u043e\u0435 \u043e\u0431\u043e\u0440\u0443\u0434\u043e\u0432\u0430\u043d\u0438\u0435 \u0438 \u0431\u0435\u0437\u043e\u043f\u0430\u0441\u043d\u044b\u0435 \u0443\u0441\u043b\u043e\u0432\u0438\u044f \u0442\u0440\u0443\u0434\u0430;<\/li>\n<li>\u0412\u043e\u0437\u043c\u043e\u0436\u043d\u043e\u0441\u0442\u0438 \u043f\u0440\u043e\u0434\u0432\u0438\u0436\u0435\u043d\u0438\u044f \u043d\u0430 \u0440\u0443\u043a\u043e\u0432\u043e\u0434\u044f\u0449\u0438\u0435 \u0434\u043e\u043b\u0436\u043d\u043e\u0441\u0442\u0438.<\/li>\n<\/ul>\n<\/div>\n\n\t\t<\/div>\n\t<\/div>\n<\/div><\/div><\/div>\n\t\t\t<\/div>\n\t\t<\/div>\n<\/div>\n<div id=\"wpc_69ea0d10cd129\" class=\"vc_row wpb_row vc_row-fluid\">\n\t\t<div class=\"row_inner_wrapper wpc_row_parallax clearfix\" style=\"padding-top: 50px;padding-bottom: 50px;color: #000000;\" data-bg=\"https:\/\/vighouse.md\/wp-content\/uploads\/2025\/09\/heavy-machinery-used-construction-industry-engineering-scaled.jpg\" data-speed=\"0.5\"><div class=\"wpc_video_color_overlay\" style=\"background-color:#fab702\"><\/div>\n\t\t\t<div class=\"wpc_parallax_bg\" style=\"background-image: url(https:\/\/vighouse.md\/wp-content\/uploads\/2025\/09\/heavy-machinery-used-construction-industry-engineering-scaled.jpg)\"><\/div>\n\t\t\t<div class=\"row_inner container clearfix\">\n\t\t\t\t<div class=\"row_full_center_content clearfix\"><div class=\"wpb_column vc_column_container vc_col-sm-1\"><div class=\"vc_column-inner\"><div class=\"wpb_wrapper\"><\/div><\/div><\/div><div class=\"wpb_column vc_column_container vc_col-sm-10 vc_col-has-fill\"><div class=\"vc_column-inner vc_custom_1761640093308\"><div class=\"wpb_wrapper\">\n\t<div class=\"iconbox-wrapper  text-center\">\n\t\t<div class=\"iconbox-icon\">\n\t\t\t\t<i class=\"fa fa-book\" style=\"color: #ffffff;font-size:80px;\"><\/i>\n\t\t<\/div>\n\t\t<h4 class=\"iconbox-heading\">\u041f\u043e\u0434\u0430\u0442\u044c CV \u0441\u0435\u0439\u0447\u0430\u0441\n\t\t<\/h4>\n\t\t\t<div class=\"iconbox-desc\">\n\t\t\t\t<p>\u041e\u0442\u043f\u0440\u0430\u0432\u044c\u0442\u0435 \u0441\u0432\u043e\u0435 \u0440\u0435\u0437\u044e\u043c\u0435, \u0438 \u043c\u044b \u0441\u0432\u044f\u0436\u0435\u043c\u0441\u044f \u0441 \u0432\u0430\u043c\u0438 \u0432 \u0431\u043b\u0438\u0436\u0430\u0439\u0448\u0435\u0435 \u0432\u0440\u0435\u043c\u044f!<\/p>\n\t\t\t<\/div>\n\t<\/div>\n<div class=\"wpcf7 no-js\" id=\"wpcf7-f824-o1\" lang=\"en-US\" dir=\"ltr\" data-wpcf7-id=\"824\">\n<div class=\"screen-reader-response\"><p role=\"status\" aria-live=\"polite\" aria-atomic=\"true\"><\/p> <ul><\/ul><\/div>\n<form action=\"\/ru\/wp-json\/wp\/v2\/pages\/1484#wpcf7-f824-o1\" method=\"post\" class=\"wpcf7-form init\" aria-label=\"Contact form\" enctype=\"multipart\/form-data\" novalidate=\"novalidate\" data-status=\"init\" data-trp-original-action=\"\/ru\/wp-json\/wp\/v2\/pages\/1484#wpcf7-f824-o1\">\n<fieldset class=\"hidden-fields-container\"><input type=\"hidden\" name=\"_wpcf7\" value=\"824\" \/><input type=\"hidden\" name=\"_wpcf7_version\" value=\"6.1.5\" \/><input type=\"hidden\" name=\"_wpcf7_locale\" value=\"en_US\" \/><input type=\"hidden\" name=\"_wpcf7_unit_tag\" value=\"wpcf7-f824-o1\" \/><input type=\"hidden\" name=\"_wpcf7_container_post\" value=\"0\" \/><input type=\"hidden\" name=\"_wpcf7_posted_data_hash\" value=\"\" \/>\n<\/fieldset>\n<div class=\"form_1_2\">\n\t<p><span class=\"wpcf7-form-control-wrap\" data-name=\"text-name\"><input size=\"40\" maxlength=\"400\" class=\"wpcf7-form-control wpcf7-text wpcf7-validates-as-required\" autocomplete=\"name\" aria-required=\"true\" aria-invalid=\"false\" placeholder=\"\u0412\u0430\u0448\u0435 \u0418\u043c\u044f*\" value=\"\" type=\"text\" name=\"text-name\" \/><\/span>\n\t<\/p>\n<\/div>\n<div class=\"form_1_2 last\">\n\t<p><span class=\"wpcf7-form-control-wrap\" data-name=\"tel\"><input size=\"40\" maxlength=\"400\" class=\"wpcf7-form-control wpcf7-tel wpcf7-validates-as-required wpcf7-text wpcf7-validates-as-tel\" autocomplete=\"tel\" aria-required=\"true\" aria-invalid=\"false\" placeholder=\"\u041c\u043e\u0431\u0438\u043b\u044c\u043d\u044b\u0439 \u043d\u043e\u043c\u0435\u0440\" value=\"\" type=\"tel\" name=\"tel\" \/><\/span>\n\t<\/p>\n<\/div>\n<div class=\"clear\">\n<\/div>\n<div class=\"form_1_2\">\n\t<p><span class=\"wpcf7-form-control-wrap\" data-name=\"email\"><input size=\"40\" maxlength=\"400\" class=\"wpcf7-form-control wpcf7-email wpcf7-validates-as-required wpcf7-text wpcf7-validates-as-email\" autocomplete=\"email\" aria-required=\"true\" aria-invalid=\"false\" placeholder=\"Email \u0412\u0430\u0448*\" value=\"\" type=\"email\" name=\"email\" \/><\/span>\n\t<\/p>\n<\/div>\n<div class=\"clear\">\n<\/div>\n<p><span class=\"wpcf7-form-control-wrap\" data-name=\"cv\"><input size=\"40\" class=\"wpcf7-form-control wpcf7-file wpcf7-validates-as-required\" accept=\".pdf,.doc,.docx\" aria-required=\"true\" aria-invalid=\"false\" type=\"file\" name=\"cv\" \/><\/span>\n<\/p>\n<p><span class=\"wpcf7-form-control-wrap\" data-name=\"acceptance-810\"><span class=\"wpcf7-form-control wpcf7-acceptance\"><span class=\"wpcf7-list-item\"><label><input type=\"checkbox\" name=\"acceptance-810\" value=\"1\" aria-invalid=\"false\" \/><span class=\"wpcf7-list-item-label\">\u042f \u0441\u043e\u0433\u043b\u0430\u0441\u0435\u043d \u0441 <a href=\"\/ru\/termeni-si-conditii\/\" target=\"_blank\">\u0423\u0441\u043b\u043e\u0432\u0438\u044f\u043c\u0438 \u0438 \u043f\u043e\u043b\u043e\u0436\u0435\u043d\u0438\u044f\u043c\u0438<\/a> \n\u043e\u0431\u0440\u0430\u0431\u043e\u0442\u043a\u0438 \u043f\u0435\u0440\u0441\u043e\u043d\u0430\u043b\u044c\u043d\u044b\u0445 \u0434\u0430\u043d\u043d\u044b\u0445 \u0432 \u0441\u0438\u0441\u0442\u0435\u043c\u0435 \u0443\u0447\u0435\u0442\u0430 Vig House SRL<\/span><\/label><\/span><\/span><\/span>\n<\/p>\n<p><input class=\"wpcf7-form-control wpcf7-submit has-spinner btn btn-large btn-secondary\" type=\"submit\" value=\"\u041e\u0442\u043f\u0440\u0430\u0432\u0438\u0442\u044c\" \/>\n<\/p><div class=\"wpcf7-response-output\" aria-hidden=\"true\"><\/div>\n<input type=\"hidden\" name=\"trp-form-language\" value=\"ru\"\/><\/form>\n<\/div>\n<\/div><\/div><\/div><div class=\"wpb_column vc_column_container vc_col-sm-1\"><div class=\"vc_column-inner\"><div class=\"wpb_wrapper\"><\/div><\/div><\/div>\n\t\t\t\t<\/div>\n\t\t\t<\/div>\n\t\t<\/div>\n<\/div>","protected":false},"excerpt":{"rendered":"Maistru Maistrul coordoneaz\u0103 direct echipele de muncitori de pe \u0219antier \u0219i se asigur\u0103 c\u0103 lucr\u0103rile de drumuri sunt executate conform proiectelor, ...","protected":false},"author":1,"featured_media":1302,"parent":146,"menu_order":0,"comment_status":"closed","ping_status":"closed","template":"","meta":{"footnotes":""},"class_list":["post-1484","page","type-page","status-publish","has-post-thumbnail","hentry"],"aioseo_notices":[],"_links":{"self":[{"href":"https:\/\/vighouse.md\/ru\/wp-json\/wp\/v2\/pages\/1484","targetHints":{"allow":["GET"]}}],"collection":[{"href":"https:\/\/vighouse.md\/ru\/wp-json\/wp\/v2\/pages"}],"about":[{"href":"https:\/\/vighouse.md\/ru\/wp-json\/wp\/v2\/types\/page"}],"author":[{"embeddable":true,"href":"https:\/\/vighouse.md\/ru\/wp-json\/wp\/v2\/users\/1"}],"replies":[{"embeddable":true,"href":"https:\/\/vighouse.md\/ru\/wp-json\/wp\/v2\/comments?post=1484"}],"version-history":[{"count":34,"href":"https:\/\/vighouse.md\/ru\/wp-json\/wp\/v2\/pages\/1484\/revisions"}],"predecessor-version":[{"id":1520,"href":"https:\/\/vighouse.md\/ru\/wp-json\/wp\/v2\/pages\/1484\/revisions\/1520"}],"up":[{"embeddable":true,"href":"https:\/\/vighouse.md\/ru\/wp-json\/wp\/v2\/pages\/146"}],"wp:featuredmedia":[{"embeddable":true,"href":"https:\/\/vighouse.md\/ru\/wp-json\/wp\/v2\/media\/1302"}],"wp:attachment":[{"href":"https:\/\/vighouse.md\/ru\/wp-json\/wp\/v2\/media?parent=1484"}],"curies":[{"name":"wp","href":"https:\/\/api.w.org\/{rel}","templated":true}]}}